{"id":772,"date":"2024-10-03T13:02:04","date_gmt":"2024-10-03T18:02:04","guid":{"rendered":"https:\/\/boomzalimpieza.com\/?page_id=772"},"modified":"2024-10-03T15:54:09","modified_gmt":"2024-10-03T20:54:09","slug":"faqs","status":"publish","type":"page","link":"https:\/\/boomzalimpieza.com\/index.php\/faqs\/","title":{"rendered":"FAQS"},"content":{"rendered":"\t\t<div data-elementor-type=\"wp-post\" data-elementor-id=\"772\" class=\"elementor elementor-772\">\n\t\t\t\t\t\t\t\t\t<section class=\"elementor-section elementor-top-section elementor-element elementor-element-3906703 elementor-section-boxed elementor-section-height-default elementor-section-height-default\" data-id=\"3906703\" data-element_type=\"section\" data-settings=\"{&quot;background_background&quot;:&quot;slideshow&quot;,&quot;background_slideshow_gallery&quot;:[{&quot;id&quot;:605,&quot;url&quot;:&quot;https:\\\/\\\/boomzalimpieza.com\\\/wp-content\\\/uploads\\\/2023\\\/08\\\/DSC09278-scaled.jpg&quot;},{&quot;id&quot;:868,&quot;url&quot;:&quot;https:\\\/\\\/boomzalimpieza.com\\\/wp-content\\\/uploads\\\/2024\\\/10\\\/boomza12.jpeg&quot;},{&quot;id&quot;:812,&quot;url&quot;:&quot;https:\\\/\\\/boomzalimpieza.com\\\/wp-content\\\/uploads\\\/2024\\\/10\\\/boomza5.jpeg&quot;}],&quot;background_slideshow_ken_burns&quot;:&quot;yes&quot;,&quot;background_slideshow_loop&quot;:&quot;yes&quot;,&quot;background_slideshow_slide_duration&quot;:5000,&quot;background_slideshow_slide_transition&quot;:&quot;fade&quot;,&quot;background_slideshow_transition_duration&quot;:500,&quot;background_slideshow_ken_burns_zoom_direction&quot;:&quot;in&quot;}\">\n\t\t\t\t\t\t\t<div class=\"elementor-background-overlay\"><\/div>\n\t\t\t\t\t\t\t<div class=\"elementor-container elementor-column-gap-default\">\n\t\t\t\t\t<div class=\"elementor-column elementor-col-100 elementor-top-column elementor-element elementor-element-24c9f1f\" data-id=\"24c9f1f\" data-element_type=\"column\">\n\t\t\t<div class=\"elementor-widget-wrap elementor-element-populated\">\n\t\t\t\t\t\t\t\t<div class=\"elementor-element elementor-element-a5e247a elementor-widget__width-initial elementor-widget elementor-widget-heading\" data-id=\"a5e247a\" data-element_type=\"widget\" data-widget_type=\"heading.default\">\n\t\t\t\t<div class=\"elementor-widget-container\">\n\t\t\t<style>\/*! elementor - v3.15.0 - 02-08-2023 *\/\n.elementor-heading-title{padding:0;margin:0;line-height:1}.elementor-widget-heading .elementor-heading-title[class*=elementor-size-]>a{color:inherit;font-size:inherit;line-height:inherit}.elementor-widget-heading .elementor-heading-title.elementor-size-small{font-size:15px}.elementor-widget-heading .elementor-heading-title.elementor-size-medium{font-size:19px}.elementor-widget-heading .elementor-heading-title.elementor-size-large{font-size:29px}.elementor-widget-heading .elementor-heading-title.elementor-size-xl{font-size:39px}.elementor-widget-heading .elementor-heading-title.elementor-size-xxl{font-size:59px}<\/style><h1 class=\"elementor-heading-title elementor-size-default\">Preguntas Frecuentes<\/h1>\t\t<\/div>\n\t\t\t\t<\/div>\n\t\t\t\t\t<\/div>\n\t\t<\/div>\n\t\t\t\t\t\t\t<\/div>\n\t\t<\/section>\n\t\t\t\t<section class=\"elementor-section elementor-top-section elementor-element elementor-element-e921f87 elementor-section-boxed elementor-section-height-default elementor-section-height-default\" data-id=\"e921f87\" data-element_type=\"section\">\n\t\t\t\t\t\t<div class=\"elementor-container elementor-column-gap-default\">\n\t\t\t\t\t<div class=\"elementor-column elementor-col-100 elementor-top-column elementor-element elementor-element-d134bfd\" data-id=\"d134bfd\" data-element_type=\"column\">\n\t\t\t<div class=\"elementor-widget-wrap elementor-element-populated\">\n\t\t\t\t\t\t\t\t<div class=\"elementor-element elementor-element-e3c08f4 elementor-widget elementor-widget-text-editor\" data-id=\"e3c08f4\" data-element_type=\"widget\" data-widget_type=\"text-editor.default\">\n\t\t\t\t<div class=\"elementor-widget-container\">\n\t\t\t<style>\/*! elementor - v3.15.0 - 02-08-2023 *\/\n.elementor-widget-text-editor.elementor-drop-cap-view-stacked .elementor-drop-cap{background-color:#69727d;color:#fff}.elementor-widget-text-editor.elementor-drop-cap-view-framed .elementor-drop-cap{color:#69727d;border:3px solid;background-color:transparent}.elementor-widget-text-editor:not(.elementor-drop-cap-view-default) .elementor-drop-cap{margin-top:8px}.elementor-widget-text-editor:not(.elementor-drop-cap-view-default) .elementor-drop-cap-letter{width:1em;height:1em}.elementor-widget-text-editor .elementor-drop-cap{float:left;text-align:center;line-height:1;font-size:50px}.elementor-widget-text-editor .elementor-drop-cap-letter{display:inline-block}<\/style>\t\t\t\t<p><strong>Limpieza para hogares<\/strong><\/p><p><strong>\u00bfBoomza ofrece servicios de limpieza en hogares, oficinas y locales comerciales por d\u00edas?<\/strong><br \/>S\u00ed, Boomza brinda servicios de aseo y limpieza por d\u00edas, tanto para hogares como para oficinas y locales comerciales, adapt\u00e1ndonos a tus necesidades.<\/p><p><strong>\u00bfEstos servicios est\u00e1n disponibles a nivel nacional?<\/strong><br \/>Actualmente, ofrecemos nuestros servicios principalmente en Bogot\u00e1.<\/p><p><strong>\u00bfC\u00f3mo puedo solicitar estos servicios?<\/strong><br \/>Puedes adquirir nuestros servicios de limpieza por d\u00edas a trav\u00e9s de nuestra p\u00e1gina web o comunic\u00e1ndote con nosotros al n\u00famero +57 301 633 4492 de lunes a viernes de 8:00 a.m. a 5:00 p.m. y los s\u00e1bados de 8:00 a.m. a 12:00 p.m. Tambi\u00e9n puedes escribirnos al correo electr\u00f3nico <strong><a rel=\"noopener\">jefe.administrativo@boomzasas.com<\/a><\/strong>.<\/p><p><strong>\u00bfEs posible pagar el servicio cuando el personal de limpieza llegue a mi casa u oficina?<\/strong><br \/>No, debes reservar el servicio previamente mediante nuestros canales de contacto. Una vez que completes la reserva, recibir\u00e1s un correo electr\u00f3nico con un enlace de pago que te permitir\u00e1 abonar el servicio mediante tarjeta de cr\u00e9dito o d\u00e9bito.<\/p><p>El servicio se programar\u00e1 para la fecha solicitada una vez realizado el pago.<\/p><p><strong>\u00bfEl servicio incluye los materiales de limpieza?<\/strong><br \/>No, los materiales no est\u00e1n incluidos, pero puedes adquirir un kit de limpieza adicional durante la solicitud del servicio. Este kit, con productos especializados de Boomza, quedar\u00e1 a tu disposici\u00f3n para futuras limpiezas.<\/p>\t\t\t\t\t\t<\/div>\n\t\t\t\t<\/div>\n\t\t\t\t\t<\/div>\n\t\t<\/div>\n\t\t\t\t\t\t\t<\/div>\n\t\t<\/section>\n\t\t\t\t\t\t\t<\/div>\n\t\t","protected":false},"excerpt":{"rendered":"<p>Preguntas Frecuentes Limpieza para hogares \u00bfBoomza ofrece servicios de limpieza en hogares, oficinas y locales comerciales por d\u00edas?S\u00ed, Boomza brinda servicios de aseo y limpieza por d\u00edas, tanto para hogares como para oficinas y locales comerciales, adapt\u00e1ndonos a tus necesidades. \u00bfEstos servicios est\u00e1n disponibles a nivel nacional?Actualmente, ofrecemos nuestros servicios principalmente en Bogot\u00e1. \u00bfC\u00f3mo puedo &hellip;<\/p>\n<p class=\"read-more\"> <a class=\"\" href=\"https:\/\/boomzalimpieza.com\/index.php\/faqs\/\"> <span class=\"screen-reader-text\">FAQS<\/span> Leer m\u00e1s &raquo;<\/a><\/p>\n","protected":false},"author":1,"featured_media":0,"parent":0,"menu_order":0,"comment_status":"closed","ping_status":"closed","template":"","meta":{"_uag_custom_page_level_css":"","_monsterinsights_skip_tracking":false,"_monsterinsights_sitenote_active":false,"_monsterinsights_sitenote_note":"","_monsterinsights_sitenote_category":0,"site-sidebar-layout":"no-sidebar","site-content-layout":"page-builder","ast-global-header-display":"","ast-banner-title-visibility":"","ast-main-header-display":"","ast-hfb-above-header-display":"","ast-hfb-below-header-display":"","ast-hfb-mobile-header-display":"","site-post-title":"disabled","ast-breadcrumbs-content":"","ast-featured-img":"disabled","footer-sml-layout":"","theme-transparent-header-meta":"enabled","adv-header-id-meta":"","stick-header-meta":"","header-above-stick-meta":"","header-main-stick-meta":"","header-below-stick-meta":"","_joinchat":[]},"aioseo_notices":[],"uagb_featured_image_src":{"full":false,"thumbnail":false,"medium":false,"medium_large":false,"large":false,"1536x1536":false,"2048x2048":false,"bdfe-large-thumb":false,"bdfe-hero-slider-thumb":false},"uagb_author_info":{"display_name":"boomzalimpieza.com","author_link":"https:\/\/boomzalimpieza.com\/index.php\/author\/boomzalimpieza-com\/"},"uagb_comment_info":0,"uagb_excerpt":"Preguntas Frecuentes Limpieza para hogares \u00bfBoomza ofrece servicios de limpieza en hogares, oficinas y locales comerciales por d\u00edas?S\u00ed, Boomza brinda servicios de aseo y limpieza por d\u00edas, tanto para hogares como para oficinas y locales comerciales, adapt\u00e1ndonos a tus necesidades. \u00bfEstos servicios est\u00e1n disponibles a nivel nacional?Actualmente, ofrecemos nuestros servicios principalmente en Bogot\u00e1. \u00bfC\u00f3mo puedo&hellip;","_links":{"self":[{"href":"https:\/\/boomzalimpieza.com\/index.php\/wp-json\/wp\/v2\/pages\/772"}],"collection":[{"href":"https:\/\/boomzalimpieza.com\/index.php\/wp-json\/wp\/v2\/pages"}],"about":[{"href":"https:\/\/boomzalimpieza.com\/index.php\/wp-json\/wp\/v2\/types\/page"}],"author":[{"embeddable":true,"href":"https:\/\/boomzalimpieza.com\/index.php\/wp-json\/wp\/v2\/users\/1"}],"replies":[{"embeddable":true,"href":"https:\/\/boomzalimpieza.com\/index.php\/wp-json\/wp\/v2\/comments?post=772"}],"version-history":[{"count":17,"href":"https:\/\/boomzalimpieza.com\/index.php\/wp-json\/wp\/v2\/pages\/772\/revisions"}],"predecessor-version":[{"id":883,"href":"https:\/\/boomzalimpieza.com\/index.php\/wp-json\/wp\/v2\/pages\/772\/revisions\/883"}],"wp:attachment":[{"href":"https:\/\/boomzalimpieza.com\/index.php\/wp-json\/wp\/v2\/media?parent=772"}],"curies":[{"name":"wp","href":"https:\/\/api.w.org\/{rel}","templated":true}]}}